{"id":6505,"date":"2019-02-28T14:40:58","date_gmt":"2019-02-28T14:40:58","guid":{"rendered":"https:\/\/demo.goodlayers.com\/attorna\/?page_id=6505"},"modified":"2024-09-27T17:57:51","modified_gmt":"2024-09-27T15:57:51","slug":"materie-trattate","status":"publish","type":"page","link":"https:\/\/studiolegaleabbona.com\/web\/materie-trattate\/","title":{"rendered":"Materie trattate"},"content":{"rendered":"\n<blockquote class=\"wp-block-quote\">\n<p><em>Lo studio <\/em>si occupa di <strong>Diritto Industriale e della Propriet\u00e0 Intellettuale<\/strong>.<\/p>\n\n\n\n<p>Grazie alla collaborazione esterna con colleghi di comprovata esperienza, lo studio pu\u00f2 altres\u00ec fornire la propria consulenza nel settore del diritto civile e del diritto penale. <\/p>\n<\/blockquote>\n","protected":false},"excerpt":{"rendered":"<p>Lo studio si occupa di Diritto Industriale e della Propriet\u00e0 Intellettuale. Grazie alla collaborazione esterna con colleghi di comprovata esperienza, lo studio pu\u00f2 altres\u00ec fornire la propria consulenza nel settore del diritto civile e del diritto penale.<\/p>\n","protected":false},"author":1,"featured_media":0,"parent":0,"menu_order":0,"comment_status":"closed","ping_status":"closed","template":"","meta":{"footnotes":""},"_links":{"self":[{"href":"https:\/\/studiolegaleabbona.com\/web\/wp-json\/wp\/v2\/pages\/6505"}],"collection":[{"href":"https:\/\/studiolegaleabbona.com\/web\/wp-json\/wp\/v2\/pages"}],"about":[{"href":"https:\/\/studiolegaleabbona.com\/web\/wp-json\/wp\/v2\/types\/page"}],"author":[{"embeddable":true,"href":"https:\/\/studiolegaleabbona.com\/web\/wp-json\/wp\/v2\/users\/1"}],"replies":[{"embeddable":true,"href":"https:\/\/studiolegaleabbona.com\/web\/wp-json\/wp\/v2\/comments?post=6505"}],"version-history":[{"count":5,"href":"https:\/\/studiolegaleabbona.com\/web\/wp-json\/wp\/v2\/pages\/6505\/revisions"}],"predecessor-version":[{"id":7534,"href":"https:\/\/studiolegaleabbona.com\/web\/wp-json\/wp\/v2\/pages\/6505\/revisions\/7534"}],"wp:attachment":[{"href":"https:\/\/studiolegaleabbona.com\/web\/wp-json\/wp\/v2\/media?parent=6505"}],"curies":[{"name":"wp","href":"https:\/\/api.w.org\/{rel}","templated":true}]}}